{"id":235,"date":"2021-07-12T11:15:22","date_gmt":"2021-07-12T11:15:22","guid":{"rendered":"https:\/\/szablon.pawelkepa.pl\/demo1\/?page_id=235"},"modified":"2026-02-05T12:21:44","modified_gmt":"2026-02-05T11:21:44","slug":"uslugi","status":"publish","type":"page","link":"https:\/\/statystykadrmariamilcarz.pl\/?page_id=235","title":{"rendered":"Us\u0142ugi"},"content":{"rendered":"\n<div class=\"wp-block-getwid-section alignfull alignfull getwid-section-content-custom-width\"><div class=\"wp-block-getwid-section__wrapper getwid-padding-bottom-none getwid-padding-left-medium getwid-padding-right-medium\" style=\"padding-top:80px\"><div class=\"wp-block-getwid-section__inner-wrapper\" style=\"max-width:1140px\"><div class=\"wp-block-getwid-section__background-holder\"><div class=\"wp-block-getwid-section__background\"><\/div><div class=\"wp-block-getwid-section__foreground\"><\/div><\/div><div class=\"wp-block-getwid-section__content\"><div class=\"wp-block-getwid-section__inner-content\">\n<div class=\"wp-block-columns are-vertically-aligned-top is-layout-flex wp-container-core-columns-is-layout-9d6595d7 wp-block-columns-is-layout-flex\">\n<div class=\"wp-block-column is-vertically-aligned-top is-layout-flow wp-block-column-is-layout-flow\" style=\"flex-basis:33.33%\">\n<figure class=\"wp-block-image size-full roundedimg\"><img loading=\"lazy\" decoding=\"async\" width=\"650\" height=\"250\" src=\"https:\/\/statystykadrmariamilcarz.pl\/wp-content\/uploads\/2024\/04\/B.P.A.S.png\" alt=\"\" class=\"wp-image-1053\" srcset=\"https:\/\/statystykadrmariamilcarz.pl\/wp-content\/uploads\/2024\/04\/B.P.A.S.png 650w, https:\/\/statystykadrmariamilcarz.pl\/wp-content\/uploads\/2024\/04\/B.P.A.S-300x115.png 300w\" sizes=\"auto, (max-width: 650px) 100vw, 650px\" \/><\/figure>\n\n\n\n<div style=\"height:60px\" aria-hidden=\"true\" class=\"wp-block-spacer\"><\/div>\n<\/div>\n\n\n\n<div class=\"wp-block-column is-vertically-aligned-top is-layout-flow wp-block-column-is-layout-flow\" style=\"flex-basis:66.66%\">\n<div class=\"wp-block-getwid-advanced-heading\"><span class=\"wp-block-getwid-advanced-heading__content has-text-color\" style=\"color:#041686\"><strong>Moje us\u0142ugi<\/strong><\/span><\/div>\n\n\n\n<h2 class=\"wp-block-heading\">Szukasz pomocy ze statystyki?<\/h2>\n\n\n\n<p>Analizy statystyczne i korepetycje ze statystyki to moje najcz\u0119stsze us\u0142ugi. Do ka\u017cdego klienta podchodz\u0119 jednak indywidualnie i nieraz umawia\u0142am si\u0119 na om\u00f3wienie recenzji, pomoc w metodologii bada\u0144, zrobienie analiz razem z kim\u015b online, czy projekty bardziej biznesowe ni\u017c naukowe. Przewag\u0105 mojej firmy jest to, \u017ce nie musisz obawia\u0107 si\u0119, \u017ce osoba, z kt\u00f3r\u0105 wsp\u00f3\u0142pracujesz jutro mo\u017ce by\u0107 ju\u017c poza Twoj\u0105 dost\u0119pno\u015bci\u0105. Nasz kontakt nie ko\u0144czy si\u0119 wi\u0119c w momencie oddania analiz. Zawsze mo\u017cesz napisa\u0107 lub zadzwoni\u0107, abym jeszcze raz co\u015b wyt\u0142umaczy\u0142a lub wprowadzi\u0142a zmiany.<\/p>\n\n\n\n<div style=\"height:60px\" aria-hidden=\"true\" class=\"wp-block-spacer\"><\/div>\n<\/div>\n<\/div>\n<\/div><\/div><\/div><\/div><\/div>\n\n\n\n<div class=\"wp-block-getwid-section getwid-section-content-full-width\"><div class=\"wp-block-getwid-section__wrapper getwid-padding-top-none getwid-padding-bottom-none getwid-padding-left-none getwid-padding-right-none\"><div class=\"wp-block-getwid-section__inner-wrapper\"><div class=\"wp-block-getwid-section__background-holder\"><div class=\"wp-block-getwid-section__background\"><\/div><div class=\"wp-block-getwid-section__foreground\"><\/div><\/div><div class=\"wp-block-getwid-section__content\"><div class=\"wp-block-getwid-section__inner-content\"><\/div><\/div><\/div><\/div><\/div>\n\n\n\n<div class=\"wp-block-getwid-section alignfull treningzywienie alignfull getwid-section-content-custom-width\"><div class=\"wp-block-getwid-section__wrapper getwid-padding-left-medium getwid-padding-right-medium\" style=\"padding-top:80px\"><div class=\"wp-block-getwid-section__inner-wrapper\" style=\"max-width:1140px\"><div class=\"wp-block-getwid-section__background-holder\"><div class=\"wp-block-getwid-section__background has-background\" style=\"background-color:#ecfaf6\"><\/div><div class=\"wp-block-getwid-section__foreground\"><\/div><\/div><div class=\"wp-block-getwid-section__content\"><div class=\"wp-block-getwid-section__inner-content\">\n<div class=\"wp-block-getwid-advanced-heading\" style=\"margin-bottom:0px;margin-top:0px\"><span class=\"wp-block-getwid-advanced-heading__content has-text-color\" style=\"text-align:center;color:#041686\"><strong>Us\u0142ugi<\/strong><\/span><\/div>\n\n\n\n<div class=\"wp-block-getwid-advanced-heading\" style=\"margin-bottom:30px;margin-top:10px\"><h2 class=\"wp-block-getwid-advanced-heading__content\" style=\"text-align:center\"><\/h2><\/div>\n\n\n\n<div class=\"wp-block-columns has-3-columns is-layout-flex wp-container-core-columns-is-layout-9d6595d7 wp-block-columns-is-layout-flex\">\n<div class=\"wp-block-column is-layout-flow wp-block-column-is-layout-flow\">\n<div class=\"wp-block-getwid-advanced-heading\"><h4 class=\"wp-block-getwid-advanced-heading__content\" style=\"text-align:center\">Analiza statystyczna<\/h4><\/div>\n\n\n\n<p class=\"has-text-align-center\"><a href=\"https:\/\/statystykadrmariamilcarz.pl\/?p=832\" data-type=\"link\" data-id=\"https:\/\/statystykadrmariamilcarz.pl\/?p=832\">Kliknij, aby dowiedzie\u0107 si\u0119 wi\u0119cej<\/a><\/p>\n\n\n\n<div class=\"wp-block-getwid-advanced-heading\"><h4 class=\"wp-block-getwid-advanced-heading__content\" style=\"text-align:center\">Badania inteligencji<\/h4><\/div>\n\n\n\n<p class=\"has-text-align-center\"><a href=\"https:\/\/statystykadrmariamilcarz.pl\/?page_id=1223\">Kliknij, aby dowiedzie\u0107 si\u0119 wi\u0119cej<\/a><\/p>\n\n\n\n<div style=\"height:50px\" aria-hidden=\"true\" class=\"wp-block-spacer\"><\/div>\n<\/div>\n\n\n\n<div class=\"wp-block-column is-layout-flow wp-block-column-is-layout-flow\">\n<div class=\"wp-block-getwid-advanced-heading\"><h4 class=\"wp-block-getwid-advanced-heading__content\" style=\"text-align:center\">Korepetycje ze statystyki<\/h4><\/div>\n\n\n\n<p class=\"has-text-align-center\"><a href=\"https:\/\/statystykadrmariamilcarz.pl\/?p=404\">Kliknij, aby dowiedzie\u0107 si\u0119 wi\u0119cej<\/a><\/p>\n\n\n\n<div style=\"height:50px\" aria-hidden=\"true\" class=\"wp-block-spacer\"><\/div>\n<\/div>\n<\/div>\n<\/div><\/div><\/div><\/div><\/div>\n\n\n\n<div class=\"wp-block-getwid-section alignfull alignfull getwid-section-content-custom-width\"><div class=\"wp-block-getwid-section__wrapper getwid-padding-left-medium getwid-padding-right-medium\" style=\"padding-top:50px;padding-bottom:0px\"><div class=\"wp-block-getwid-section__inner-wrapper\" style=\"max-width:1140px\"><div class=\"wp-block-getwid-section__background-holder\"><div class=\"wp-block-getwid-section__background has-background\" style=\"background-color:#ecfaf6\"><\/div><div class=\"wp-block-getwid-section__foreground\" style=\"opacity:0;background-color:#000000\"><\/div><\/div><div class=\"wp-block-getwid-section__content\"><div class=\"wp-block-getwid-section__inner-content\">\n<div class=\"wp-block-columns is-layout-flex wp-container-core-columns-is-layout-9d6595d7 wp-block-columns-is-layout-flex\">\n<div class=\"wp-block-column is-layout-flow wp-block-column-is-layout-flow\">\n<p class=\"has-text-align-center\">Masz pytania?<br><strong><span style=\"color:#041686\" class=\"has-inline-color\">bpas.drmariamilcarz@gmail.com<\/span><\/strong><\/p>\n<\/div>\n\n\n\n<div class=\"wp-block-column is-layout-flow wp-block-column-is-layout-flow\">\n<p class=\"has-text-align-center\">Zadzwo\u0144 <br><strong><span style=\"color:#041686\" class=\"has-inline-color\">+48 730 199 143 <\/span><\/strong><\/p>\n<\/div>\n<\/div>\n<\/div><\/div><\/div><\/div><\/div>\n","protected":false},"excerpt":{"rendered":"","protected":false},"author":1,"featured_media":1029,"parent":0,"menu_order":0,"comment_status":"closed","ping_status":"closed","template":"","meta":{"footnotes":""},"class_list":["post-235","page","type-page","status-publish","has-post-thumbnail","hentry"],"yoast_head":"<!-- This site is optimized with the Yoast SEO plugin v26.4 - https:\/\/yoast.com\/wordpress\/plugins\/seo\/ -->\n<title>Us\u0142ugi - Statystyka dr Maria Milcarz<\/title>\n<meta name=\"robots\" content=\"index, follow, max-snippet:-1, max-image-preview:large, max-video-preview:-1\" \/>\n<link rel=\"canonical\" href=\"https:\/\/statystykadrmariamilcarz.pl\/?page_id=235\" \/>\n<meta property=\"og:locale\" content=\"en_US\" \/>\n<meta property=\"og:type\" content=\"article\" \/>\n<meta property=\"og:title\" content=\"Us\u0142ugi - Statystyka dr Maria Milcarz\" \/>\n<meta property=\"og:url\" content=\"https:\/\/statystykadrmariamilcarz.pl\/?page_id=235\" \/>\n<meta property=\"og:site_name\" content=\"Statystyka dr Maria Milcarz\" \/>\n<meta property=\"article:publisher\" content=\"https:\/\/www.facebook.com\/profile.php?id=100090040830711\" \/>\n<meta property=\"article:modified_time\" content=\"2026-02-05T11:21:44+00:00\" \/>\n<meta property=\"og:image\" content=\"https:\/\/statystykadrmariamilcarz.pl\/wp-content\/uploads\/2024\/04\/top-view-office-desk-with-growth-chart-glasses-1-scaled.jpg\" \/>\n\t<meta property=\"og:image:width\" content=\"2560\" \/>\n\t<meta property=\"og:image:height\" content=\"1707\" \/>\n\t<meta property=\"og:image:type\" content=\"image\/jpeg\" \/>\n<meta name=\"twitter:card\" content=\"summary_large_image\" \/>\n<meta name=\"twitter:label1\" content=\"Est. reading time\" \/>\n\t<meta name=\"twitter:data1\" content=\"1 minute\" \/>\n<script type=\"application\/ld+json\" class=\"yoast-schema-graph\">{\"@context\":\"https:\/\/schema.org\",\"@graph\":[{\"@type\":\"WebPage\",\"@id\":\"https:\/\/statystykadrmariamilcarz.pl\/?page_id=235\",\"url\":\"https:\/\/statystykadrmariamilcarz.pl\/?page_id=235\",\"name\":\"Us\u0142ugi - Statystyka dr Maria Milcarz\",\"isPartOf\":{\"@id\":\"https:\/\/statystykadrmariamilcarz.pl\/#website\"},\"primaryImageOfPage\":{\"@id\":\"https:\/\/statystykadrmariamilcarz.pl\/?page_id=235#primaryimage\"},\"image\":{\"@id\":\"https:\/\/statystykadrmariamilcarz.pl\/?page_id=235#primaryimage\"},\"thumbnailUrl\":\"https:\/\/statystykadrmariamilcarz.pl\/wp-content\/uploads\/2024\/04\/top-view-office-desk-with-growth-chart-glasses-1-scaled.jpg\",\"datePublished\":\"2021-07-12T11:15:22+00:00\",\"dateModified\":\"2026-02-05T11:21:44+00:00\",\"breadcrumb\":{\"@id\":\"https:\/\/statystykadrmariamilcarz.pl\/?page_id=235#breadcrumb\"},\"inLanguage\":\"en-US\",\"potentialAction\":[{\"@type\":\"ReadAction\",\"target\":[\"https:\/\/statystykadrmariamilcarz.pl\/?page_id=235\"]}]},{\"@type\":\"ImageObject\",\"inLanguage\":\"en-US\",\"@id\":\"https:\/\/statystykadrmariamilcarz.pl\/?page_id=235#primaryimage\",\"url\":\"https:\/\/statystykadrmariamilcarz.pl\/wp-content\/uploads\/2024\/04\/top-view-office-desk-with-growth-chart-glasses-1-scaled.jpg\",\"contentUrl\":\"https:\/\/statystykadrmariamilcarz.pl\/wp-content\/uploads\/2024\/04\/top-view-office-desk-with-growth-chart-glasses-1-scaled.jpg\",\"width\":2560,\"height\":1707},{\"@type\":\"BreadcrumbList\",\"@id\":\"https:\/\/statystykadrmariamilcarz.pl\/?page_id=235#breadcrumb\",\"itemListElement\":[{\"@type\":\"ListItem\",\"position\":1,\"name\":\"Strona g\u0142\u00f3wna\",\"item\":\"https:\/\/statystykadrmariamilcarz.pl\/\"},{\"@type\":\"ListItem\",\"position\":2,\"name\":\"Us\u0142ugi\"}]},{\"@type\":\"WebSite\",\"@id\":\"https:\/\/statystykadrmariamilcarz.pl\/#website\",\"url\":\"https:\/\/statystykadrmariamilcarz.pl\/\",\"name\":\"https:\/\/statystykadrmariamilcarz.pl\/\",\"description\":\"\",\"publisher\":{\"@id\":\"https:\/\/statystykadrmariamilcarz.pl\/#organization\"},\"potentialAction\":[{\"@type\":\"SearchAction\",\"target\":{\"@type\":\"EntryPoint\",\"urlTemplate\":\"https:\/\/statystykadrmariamilcarz.pl\/?s={search_term_string}\"},\"query-input\":{\"@type\":\"PropertyValueSpecification\",\"valueRequired\":true,\"valueName\":\"search_term_string\"}}],\"inLanguage\":\"en-US\"},{\"@type\":\"Organization\",\"@id\":\"https:\/\/statystykadrmariamilcarz.pl\/#organization\",\"name\":\"Badania Psychologiczne Analizy Statystyczne Maria Milcarz\",\"url\":\"https:\/\/statystykadrmariamilcarz.pl\/\",\"logo\":{\"@type\":\"ImageObject\",\"inLanguage\":\"en-US\",\"@id\":\"https:\/\/statystykadrmariamilcarz.pl\/#\/schema\/logo\/image\/\",\"url\":\"https:\/\/statystykadrmariamilcarz.pl\/wp-content\/uploads\/2024\/04\/B.P.A.S.png\",\"contentUrl\":\"https:\/\/statystykadrmariamilcarz.pl\/wp-content\/uploads\/2024\/04\/B.P.A.S.png\",\"width\":650,\"height\":250,\"caption\":\"Badania Psychologiczne Analizy Statystyczne Maria Milcarz\"},\"image\":{\"@id\":\"https:\/\/statystykadrmariamilcarz.pl\/#\/schema\/logo\/image\/\"},\"sameAs\":[\"https:\/\/www.facebook.com\/profile.php?id=100090040830711\"]}]}<\/script>\n<!-- \/ Yoast SEO plugin. -->","yoast_head_json":{"title":"Us\u0142ugi - Statystyka dr Maria Milcarz","robots":{"index":"index","follow":"follow","max-snippet":"max-snippet:-1","max-image-preview":"max-image-preview:large","max-video-preview":"max-video-preview:-1"},"canonical":"https:\/\/statystykadrmariamilcarz.pl\/?page_id=235","og_locale":"en_US","og_type":"article","og_title":"Us\u0142ugi - Statystyka dr Maria Milcarz","og_url":"https:\/\/statystykadrmariamilcarz.pl\/?page_id=235","og_site_name":"Statystyka dr Maria Milcarz","article_publisher":"https:\/\/www.facebook.com\/profile.php?id=100090040830711","article_modified_time":"2026-02-05T11:21:44+00:00","og_image":[{"width":2560,"height":1707,"url":"https:\/\/statystykadrmariamilcarz.pl\/wp-content\/uploads\/2024\/04\/top-view-office-desk-with-growth-chart-glasses-1-scaled.jpg","type":"image\/jpeg"}],"twitter_card":"summary_large_image","twitter_misc":{"Est. reading time":"1 minute"},"schema":{"@context":"https:\/\/schema.org","@graph":[{"@type":"WebPage","@id":"https:\/\/statystykadrmariamilcarz.pl\/?page_id=235","url":"https:\/\/statystykadrmariamilcarz.pl\/?page_id=235","name":"Us\u0142ugi - Statystyka dr Maria Milcarz","isPartOf":{"@id":"https:\/\/statystykadrmariamilcarz.pl\/#website"},"primaryImageOfPage":{"@id":"https:\/\/statystykadrmariamilcarz.pl\/?page_id=235#primaryimage"},"image":{"@id":"https:\/\/statystykadrmariamilcarz.pl\/?page_id=235#primaryimage"},"thumbnailUrl":"https:\/\/statystykadrmariamilcarz.pl\/wp-content\/uploads\/2024\/04\/top-view-office-desk-with-growth-chart-glasses-1-scaled.jpg","datePublished":"2021-07-12T11:15:22+00:00","dateModified":"2026-02-05T11:21:44+00:00","breadcrumb":{"@id":"https:\/\/statystykadrmariamilcarz.pl\/?page_id=235#breadcrumb"},"inLanguage":"en-US","potentialAction":[{"@type":"ReadAction","target":["https:\/\/statystykadrmariamilcarz.pl\/?page_id=235"]}]},{"@type":"ImageObject","inLanguage":"en-US","@id":"https:\/\/statystykadrmariamilcarz.pl\/?page_id=235#primaryimage","url":"https:\/\/statystykadrmariamilcarz.pl\/wp-content\/uploads\/2024\/04\/top-view-office-desk-with-growth-chart-glasses-1-scaled.jpg","contentUrl":"https:\/\/statystykadrmariamilcarz.pl\/wp-content\/uploads\/2024\/04\/top-view-office-desk-with-growth-chart-glasses-1-scaled.jpg","width":2560,"height":1707},{"@type":"BreadcrumbList","@id":"https:\/\/statystykadrmariamilcarz.pl\/?page_id=235#breadcrumb","itemListElement":[{"@type":"ListItem","position":1,"name":"Strona g\u0142\u00f3wna","item":"https:\/\/statystykadrmariamilcarz.pl\/"},{"@type":"ListItem","position":2,"name":"Us\u0142ugi"}]},{"@type":"WebSite","@id":"https:\/\/statystykadrmariamilcarz.pl\/#website","url":"https:\/\/statystykadrmariamilcarz.pl\/","name":"https:\/\/statystykadrmariamilcarz.pl\/","description":"","publisher":{"@id":"https:\/\/statystykadrmariamilcarz.pl\/#organization"},"potentialAction":[{"@type":"SearchAction","target":{"@type":"EntryPoint","urlTemplate":"https:\/\/statystykadrmariamilcarz.pl\/?s={search_term_string}"},"query-input":{"@type":"PropertyValueSpecification","valueRequired":true,"valueName":"search_term_string"}}],"inLanguage":"en-US"},{"@type":"Organization","@id":"https:\/\/statystykadrmariamilcarz.pl\/#organization","name":"Badania Psychologiczne Analizy Statystyczne Maria Milcarz","url":"https:\/\/statystykadrmariamilcarz.pl\/","logo":{"@type":"ImageObject","inLanguage":"en-US","@id":"https:\/\/statystykadrmariamilcarz.pl\/#\/schema\/logo\/image\/","url":"https:\/\/statystykadrmariamilcarz.pl\/wp-content\/uploads\/2024\/04\/B.P.A.S.png","contentUrl":"https:\/\/statystykadrmariamilcarz.pl\/wp-content\/uploads\/2024\/04\/B.P.A.S.png","width":650,"height":250,"caption":"Badania Psychologiczne Analizy Statystyczne Maria Milcarz"},"image":{"@id":"https:\/\/statystykadrmariamilcarz.pl\/#\/schema\/logo\/image\/"},"sameAs":["https:\/\/www.facebook.com\/profile.php?id=100090040830711"]}]}},"_links":{"self":[{"href":"https:\/\/statystykadrmariamilcarz.pl\/index.php?rest_route=\/wp\/v2\/pages\/235","targetHints":{"allow":["GET"]}}],"collection":[{"href":"https:\/\/statystykadrmariamilcarz.pl\/index.php?rest_route=\/wp\/v2\/pages"}],"about":[{"href":"https:\/\/statystykadrmariamilcarz.pl\/index.php?rest_route=\/wp\/v2\/types\/page"}],"author":[{"embeddable":true,"href":"https:\/\/statystykadrmariamilcarz.pl\/index.php?rest_route=\/wp\/v2\/users\/1"}],"replies":[{"embeddable":true,"href":"https:\/\/statystykadrmariamilcarz.pl\/index.php?rest_route=%2Fwp%2Fv2%2Fcomments&post=235"}],"version-history":[{"count":11,"href":"https:\/\/statystykadrmariamilcarz.pl\/index.php?rest_route=\/wp\/v2\/pages\/235\/revisions"}],"predecessor-version":[{"id":1282,"href":"https:\/\/statystykadrmariamilcarz.pl\/index.php?rest_route=\/wp\/v2\/pages\/235\/revisions\/1282"}],"wp:featuredmedia":[{"embeddable":true,"href":"https:\/\/statystykadrmariamilcarz.pl\/index.php?rest_route=\/wp\/v2\/media\/1029"}],"wp:attachment":[{"href":"https:\/\/statystykadrmariamilcarz.pl\/index.php?rest_route=%2Fwp%2Fv2%2Fmedia&parent=235"}],"curies":[{"name":"wp","href":"https:\/\/api.w.org\/{rel}","templated":true}]}}