{"id":1293,"date":"2026-02-24T18:07:04","date_gmt":"2026-02-24T17:07:04","guid":{"rendered":"https:\/\/statystykadrmariamilcarz.pl\/?page_id=1293"},"modified":"2026-04-08T20:54:37","modified_gmt":"2026-04-08T18:54:37","slug":"zapisy-na-indywidualne-badania-inteligencji","status":"publish","type":"page","link":"https:\/\/statystykadrmariamilcarz.pl\/?page_id=1293","title":{"rendered":"Zapisy na indywidualne badania inteligencji"},"content":{"rendered":"\n<p>(uprawniaj\u0105ce do cz\u0142onkostwa w Stowarzyszeniu Mensa Polska)<\/p>\n\n\n\n<p>Je\u015bli chcesz wykona\u0107 indywidualne badanie inteligencji w Warszawie, wykonaj trzy proste kroki:<\/p>\n\n\n\n<h3 class=\"wp-block-heading\">Krok 1<\/h3>\n\n\n\n<p>Zapoznaj si\u0119 z <a href=\"https:\/\/statystykadrmariamilcarz.pl\/?page_id=1223\">regulaminem indywidualnych bada\u0144 inteligencji w Warszawie<\/a>.<br>Znajdziesz tam informacje o: przeciwwskazaniach, organizacji badania, przebiegu, p\u0142atno\u015bciach i zasadach zwrot\u00f3w.<\/p>\n\n\n\n<h3 class=\"wp-block-heading\">Krok 2<\/h3>\n\n\n\n<p>Wybierz dogodny termin i zarezerwuj go poprzez poni\u017cszy formularz.<\/p>\n\n\n\n<h3 class=\"wp-block-heading\">Krok 3<\/h3>\n\n\n\n<p>Op\u0142a\u0107 wizyt\u0119 w ci\u0105gu 3 dni od rezerwacji.<\/p>\n\n\n\n<p>Koszt badania: <strong>300 z\u0142<\/strong><\/p>\n\n\n\n<p>Mo\u017cliwo\u015bci p\u0142atno\u015bci:<br>Przelew bankowy:<br>54 1240 6508 1111 0010 4160 8804<\/p>\n\n\n\n<p>BLIK na numer: 730 199 143<\/p>\n\n\n\n<p>W tytule przelewu wpisz:<br>\u201ebadanie \u2013 dzie\u0144 i godzina\u201d<br>(np. badanie \u2013 1 stycznia 12:00)<\/p>\n\n\n\n<p>Brak op\u0142aty w ci\u0105gu 3 dni skutkuje anulowaniem rezerwacji.<br><br><strong>Op\u0142ata jest zwrotna<\/strong> przy odwo\u0142aniu badania przynajmniej 24 godziny przed jego terminem.<\/p>\n\n\n\n<hr class=\"wp-block-separator has-alpha-channel-opacity\"\/>\n\n\n\n<h3 class=\"wp-block-heading\">Przypomnienie<\/h3>\n\n\n\n<p>Na 3 dni przed badaniem otrzymasz mail z najwa\u017cniejszymi informacjami organizacyjnymi.<\/p>\n\n\n\n<hr class=\"wp-block-separator has-alpha-channel-opacity\"\/>\n\n\n\n<h3 class=\"wp-block-heading\">Aktualne terminy 2026:<\/h3>\n\n\n\n<p><br>18 kwietnia (sobota)<br>25 kwietnia (sobota)<br>9 maja (sobota)<br>23 maja (sobota)<\/p>\n\n\n\n<p>Wybierz termin w kalendarzu poni\u017cej.<\/p>\n\n\n\n<hr class=\"wp-block-separator has-alpha-channel-opacity\"\/>\n\n\n\n<h3 class=\"wp-block-heading\">Lista rezerwowa<\/h3>\n\n\n\n<p>Je\u015bli na kt\u00f3ry\u015b z powy\u017cszych termin\u00f3w nie ma ju\u017c dost\u0119pnych miejsc, mo\u017cesz zapisa\u0107 si\u0119 na list\u0119 rezerwow\u0105.<br>W tym celu napisz wiadomo\u015b\u0107 na adres: <strong><a>bpas.drmariamilcarz@gmail.com<\/a><\/strong><\/p>\n\n\n\n<hr class=\"wp-block-separator has-alpha-channel-opacity\"\/>\n\n\n\n<p>W razie pyta\u0144:<br>\u260e 730 199 143<br>\u2709 <a>bpas.drmariamilcarz@gmail.com<\/a><\/p>\n\n\n<p><!-- Google Calendar Appointment Scheduling begin --><br \/><iframe loading=\"lazy\" style=\"border: 0;\" src=\"https:\/\/calendar.google.com\/calendar\/appointments\/schedules\/AcZssZ0vrW8lqz-9fHS7crrUFG2P6Wkk40S0_18h79ETMAAdJcjWx1oI1asIP4DInY_K9Zf8F6COi_23?gv=true\" width=\"100%\" height=\"600\" frameborder=\"0\"><\/iframe><br \/><!-- end Google Calendar Appointment Scheduling --><\/p>\n\n\n<p><\/p>\n","protected":false},"excerpt":{"rendered":"<p>(uprawniaj\u0105ce do cz\u0142onkostwa w Stowarzyszeniu Mensa Polska) Je\u015bli chcesz wykona\u0107 indywidualne badanie inteligencji w Warszawie, wykonaj trzy proste kroki: Krok [&hellip;]<\/p>\n","protected":false},"author":1,"featured_media":0,"parent":0,"menu_order":0,"comment_status":"closed","ping_status":"closed","template":"","meta":{"footnotes":""},"class_list":["post-1293","page","type-page","status-publish","hentry"],"yoast_head":"<!-- This site is optimized with the Yoast SEO plugin v26.4 - https:\/\/yoast.com\/wordpress\/plugins\/seo\/ -->\n<title>Zapisy na indywidualne badania inteligencji - Statystyka dr Maria Milcarz<\/title>\n<meta name=\"robots\" content=\"index, follow, max-snippet:-1, max-image-preview:large, max-video-preview:-1\" \/>\n<link rel=\"canonical\" href=\"https:\/\/statystykadrmariamilcarz.pl\/?page_id=1293\" \/>\n<meta property=\"og:locale\" content=\"en_US\" \/>\n<meta property=\"og:type\" content=\"article\" \/>\n<meta property=\"og:title\" content=\"Zapisy na indywidualne badania inteligencji - Statystyka dr Maria Milcarz\" \/>\n<meta property=\"og:description\" content=\"(uprawniaj\u0105ce do cz\u0142onkostwa w Stowarzyszeniu Mensa Polska) Je\u015bli chcesz wykona\u0107 indywidualne badanie inteligencji w Warszawie, wykonaj trzy proste kroki: Krok [&hellip;]\" \/>\n<meta property=\"og:url\" content=\"https:\/\/statystykadrmariamilcarz.pl\/?page_id=1293\" \/>\n<meta property=\"og:site_name\" content=\"Statystyka dr Maria Milcarz\" \/>\n<meta property=\"article:publisher\" content=\"https:\/\/www.facebook.com\/profile.php?id=100090040830711\" \/>\n<meta property=\"article:modified_time\" content=\"2026-04-08T18:54:37+00:00\" \/>\n<meta name=\"twitter:card\" content=\"summary_large_image\" \/>\n<meta name=\"twitter:label1\" content=\"Est. reading time\" \/>\n\t<meta name=\"twitter:data1\" content=\"1 minute\" \/>\n<script type=\"application\/ld+json\" class=\"yoast-schema-graph\">{\"@context\":\"https:\/\/schema.org\",\"@graph\":[{\"@type\":\"WebPage\",\"@id\":\"https:\/\/statystykadrmariamilcarz.pl\/?page_id=1293\",\"url\":\"https:\/\/statystykadrmariamilcarz.pl\/?page_id=1293\",\"name\":\"Zapisy na indywidualne badania inteligencji - Statystyka dr Maria Milcarz\",\"isPartOf\":{\"@id\":\"https:\/\/statystykadrmariamilcarz.pl\/#website\"},\"datePublished\":\"2026-02-24T17:07:04+00:00\",\"dateModified\":\"2026-04-08T18:54:37+00:00\",\"breadcrumb\":{\"@id\":\"https:\/\/statystykadrmariamilcarz.pl\/?page_id=1293#breadcrumb\"},\"inLanguage\":\"en-US\",\"potentialAction\":[{\"@type\":\"ReadAction\",\"target\":[\"https:\/\/statystykadrmariamilcarz.pl\/?page_id=1293\"]}]},{\"@type\":\"BreadcrumbList\",\"@id\":\"https:\/\/statystykadrmariamilcarz.pl\/?page_id=1293#breadcrumb\",\"itemListElement\":[{\"@type\":\"ListItem\",\"position\":1,\"name\":\"Strona g\u0142\u00f3wna\",\"item\":\"https:\/\/statystykadrmariamilcarz.pl\/\"},{\"@type\":\"ListItem\",\"position\":2,\"name\":\"Zapisy na indywidualne badania inteligencji\"}]},{\"@type\":\"WebSite\",\"@id\":\"https:\/\/statystykadrmariamilcarz.pl\/#website\",\"url\":\"https:\/\/statystykadrmariamilcarz.pl\/\",\"name\":\"https:\/\/statystykadrmariamilcarz.pl\/\",\"description\":\"\",\"publisher\":{\"@id\":\"https:\/\/statystykadrmariamilcarz.pl\/#organization\"},\"potentialAction\":[{\"@type\":\"SearchAction\",\"target\":{\"@type\":\"EntryPoint\",\"urlTemplate\":\"https:\/\/statystykadrmariamilcarz.pl\/?s={search_term_string}\"},\"query-input\":{\"@type\":\"PropertyValueSpecification\",\"valueRequired\":true,\"valueName\":\"search_term_string\"}}],\"inLanguage\":\"en-US\"},{\"@type\":\"Organization\",\"@id\":\"https:\/\/statystykadrmariamilcarz.pl\/#organization\",\"name\":\"Badania Psychologiczne Analizy Statystyczne Maria Milcarz\",\"url\":\"https:\/\/statystykadrmariamilcarz.pl\/\",\"logo\":{\"@type\":\"ImageObject\",\"inLanguage\":\"en-US\",\"@id\":\"https:\/\/statystykadrmariamilcarz.pl\/#\/schema\/logo\/image\/\",\"url\":\"https:\/\/statystykadrmariamilcarz.pl\/wp-content\/uploads\/2024\/04\/B.P.A.S.png\",\"contentUrl\":\"https:\/\/statystykadrmariamilcarz.pl\/wp-content\/uploads\/2024\/04\/B.P.A.S.png\",\"width\":650,\"height\":250,\"caption\":\"Badania Psychologiczne Analizy Statystyczne Maria Milcarz\"},\"image\":{\"@id\":\"https:\/\/statystykadrmariamilcarz.pl\/#\/schema\/logo\/image\/\"},\"sameAs\":[\"https:\/\/www.facebook.com\/profile.php?id=100090040830711\"]}]}<\/script>\n<!-- \/ Yoast SEO plugin. -->","yoast_head_json":{"title":"Zapisy na indywidualne badania inteligencji - Statystyka dr Maria Milcarz","robots":{"index":"index","follow":"follow","max-snippet":"max-snippet:-1","max-image-preview":"max-image-preview:large","max-video-preview":"max-video-preview:-1"},"canonical":"https:\/\/statystykadrmariamilcarz.pl\/?page_id=1293","og_locale":"en_US","og_type":"article","og_title":"Zapisy na indywidualne badania inteligencji - Statystyka dr Maria Milcarz","og_description":"(uprawniaj\u0105ce do cz\u0142onkostwa w Stowarzyszeniu Mensa Polska) Je\u015bli chcesz wykona\u0107 indywidualne badanie inteligencji w Warszawie, wykonaj trzy proste kroki: Krok [&hellip;]","og_url":"https:\/\/statystykadrmariamilcarz.pl\/?page_id=1293","og_site_name":"Statystyka dr Maria Milcarz","article_publisher":"https:\/\/www.facebook.com\/profile.php?id=100090040830711","article_modified_time":"2026-04-08T18:54:37+00:00","twitter_card":"summary_large_image","twitter_misc":{"Est. reading time":"1 minute"},"schema":{"@context":"https:\/\/schema.org","@graph":[{"@type":"WebPage","@id":"https:\/\/statystykadrmariamilcarz.pl\/?page_id=1293","url":"https:\/\/statystykadrmariamilcarz.pl\/?page_id=1293","name":"Zapisy na indywidualne badania inteligencji - Statystyka dr Maria Milcarz","isPartOf":{"@id":"https:\/\/statystykadrmariamilcarz.pl\/#website"},"datePublished":"2026-02-24T17:07:04+00:00","dateModified":"2026-04-08T18:54:37+00:00","breadcrumb":{"@id":"https:\/\/statystykadrmariamilcarz.pl\/?page_id=1293#breadcrumb"},"inLanguage":"en-US","potentialAction":[{"@type":"ReadAction","target":["https:\/\/statystykadrmariamilcarz.pl\/?page_id=1293"]}]},{"@type":"BreadcrumbList","@id":"https:\/\/statystykadrmariamilcarz.pl\/?page_id=1293#breadcrumb","itemListElement":[{"@type":"ListItem","position":1,"name":"Strona g\u0142\u00f3wna","item":"https:\/\/statystykadrmariamilcarz.pl\/"},{"@type":"ListItem","position":2,"name":"Zapisy na indywidualne badania inteligencji"}]},{"@type":"WebSite","@id":"https:\/\/statystykadrmariamilcarz.pl\/#website","url":"https:\/\/statystykadrmariamilcarz.pl\/","name":"https:\/\/statystykadrmariamilcarz.pl\/","description":"","publisher":{"@id":"https:\/\/statystykadrmariamilcarz.pl\/#organization"},"potentialAction":[{"@type":"SearchAction","target":{"@type":"EntryPoint","urlTemplate":"https:\/\/statystykadrmariamilcarz.pl\/?s={search_term_string}"},"query-input":{"@type":"PropertyValueSpecification","valueRequired":true,"valueName":"search_term_string"}}],"inLanguage":"en-US"},{"@type":"Organization","@id":"https:\/\/statystykadrmariamilcarz.pl\/#organization","name":"Badania Psychologiczne Analizy Statystyczne Maria Milcarz","url":"https:\/\/statystykadrmariamilcarz.pl\/","logo":{"@type":"ImageObject","inLanguage":"en-US","@id":"https:\/\/statystykadrmariamilcarz.pl\/#\/schema\/logo\/image\/","url":"https:\/\/statystykadrmariamilcarz.pl\/wp-content\/uploads\/2024\/04\/B.P.A.S.png","contentUrl":"https:\/\/statystykadrmariamilcarz.pl\/wp-content\/uploads\/2024\/04\/B.P.A.S.png","width":650,"height":250,"caption":"Badania Psychologiczne Analizy Statystyczne Maria Milcarz"},"image":{"@id":"https:\/\/statystykadrmariamilcarz.pl\/#\/schema\/logo\/image\/"},"sameAs":["https:\/\/www.facebook.com\/profile.php?id=100090040830711"]}]}},"_links":{"self":[{"href":"https:\/\/statystykadrmariamilcarz.pl\/index.php?rest_route=\/wp\/v2\/pages\/1293","targetHints":{"allow":["GET"]}}],"collection":[{"href":"https:\/\/statystykadrmariamilcarz.pl\/index.php?rest_route=\/wp\/v2\/pages"}],"about":[{"href":"https:\/\/statystykadrmariamilcarz.pl\/index.php?rest_route=\/wp\/v2\/types\/page"}],"author":[{"embeddable":true,"href":"https:\/\/statystykadrmariamilcarz.pl\/index.php?rest_route=\/wp\/v2\/users\/1"}],"replies":[{"embeddable":true,"href":"https:\/\/statystykadrmariamilcarz.pl\/index.php?rest_route=%2Fwp%2Fv2%2Fcomments&post=1293"}],"version-history":[{"count":37,"href":"https:\/\/statystykadrmariamilcarz.pl\/index.php?rest_route=\/wp\/v2\/pages\/1293\/revisions"}],"predecessor-version":[{"id":1354,"href":"https:\/\/statystykadrmariamilcarz.pl\/index.php?rest_route=\/wp\/v2\/pages\/1293\/revisions\/1354"}],"wp:attachment":[{"href":"https:\/\/statystykadrmariamilcarz.pl\/index.php?rest_route=%2Fwp%2Fv2%2Fmedia&parent=1293"}],"curies":[{"name":"wp","href":"https:\/\/api.w.org\/{rel}","templated":true}]}}